{"id":2983,"date":"2024-12-18T12:49:35","date_gmt":"2024-12-18T11:49:35","guid":{"rendered":"https:\/\/personalrat-vielfalt.de\/?page_id=2983"},"modified":"2024-12-18T12:51:08","modified_gmt":"2024-12-18T11:51:08","slug":"t","status":"publish","type":"page","link":"https:\/\/personalrat-vielfalt.de\/en\/t","title":{"rendered":"Themen"},"content":{"rendered":"<div data-elementor-type=\"wp-page\" data-elementor-id=\"2983\" class=\"elementor elementor-2983\">\n\t\t\t\t<div class=\"elementor-element elementor-element-c0e37e1 elementor-hidden-mobile e-flex e-con-boxed e-con e-parent\" data-id=\"c0e37e1\" data-element_type=\"container\" data-e-type=\"container\">\n\t\t\t\t\t<div class=\"e-con-inner\">\n\t\t<div class=\"elementor-element elementor-element-bb373be e-con-full elementor-hidden-mobile e-flex e-con e-child\" data-id=\"bb373be\" data-element_type=\"container\" data-e-type=\"container\" data-settings=\"{&quot;background_background&quot;:&quot;classic&quot;}\">\n\t\t\t\t<div class=\"elementor-element elementor-element-e99ca7b elementor-widget elementor-widget-button\" data-id=\"e99ca7b\" data-element_type=\"widget\" data-e-type=\"widget\" data-widget_type=\"button.default\">\n\t\t\t\t<div class=\"elementor-widget-container\">\n\t\t\t\t\t\t\t\t\t<div class=\"elementor-button-wrapper\">\n\t\t\t\t\t<a class=\"elementor-button elementor-button-link elementor-size-sm\" href=\"\/en\/g\/\">\n\t\t\t\t\t\t<span class=\"elementor-button-content-wrapper\">\n\t\t\t\t\t\t\t\t\t<span class=\"elementor-button-text\">Principles<\/span>\n\t\t\t\t\t<\/span>\n\t\t\t\t\t<\/a>\n\t\t\t\t<\/div>\n\t\t\t\t\t\t\t\t<\/div>\n\t\t\t\t<\/div>\n\t\t\t\t<div class=\"elementor-element elementor-element-3246ec4 elementor-widget elementor-widget-button\" data-id=\"3246ec4\" data-element_type=\"widget\" data-e-type=\"widget\" data-widget_type=\"button.default\">\n\t\t\t\t<div class=\"elementor-widget-container\">\n\t\t\t\t\t\t\t\t\t<div class=\"elementor-button-wrapper\">\n\t\t\t\t\t<a class=\"elementor-button elementor-button-link elementor-size-sm\" href=\"\/en\/e\/\">\n\t\t\t\t\t\t<span class=\"elementor-button-content-wrapper\">\n\t\t\t\t\t\t\t\t\t<span class=\"elementor-button-text\">Achievements<\/span>\n\t\t\t\t\t<\/span>\n\t\t\t\t\t<\/a>\n\t\t\t\t<\/div>\n\t\t\t\t\t\t\t\t<\/div>\n\t\t\t\t<\/div>\n\t\t\t\t<div class=\"elementor-element elementor-element-e06c2c3 elementor-widget elementor-widget-button\" data-id=\"e06c2c3\" data-element_type=\"widget\" data-e-type=\"widget\" data-widget_type=\"button.default\">\n\t\t\t\t<div class=\"elementor-widget-container\">\n\t\t\t\t\t\t\t\t\t<div class=\"elementor-button-wrapper\">\n\t\t\t\t\t<a class=\"elementor-button elementor-button-link elementor-size-sm\" href=\"\/en\/h\/\">\n\t\t\t\t\t\t<span class=\"elementor-button-content-wrapper\">\n\t\t\t\t\t\t\t\t\t<span class=\"elementor-button-text\">Challenges and solutions<\/span>\n\t\t\t\t\t<\/span>\n\t\t\t\t\t<\/a>\n\t\t\t\t<\/div>\n\t\t\t\t\t\t\t\t<\/div>\n\t\t\t\t<\/div>\n\t\t\t\t<div class=\"elementor-element elementor-element-c447328 elementor-widget elementor-widget-button\" data-id=\"c447328\" data-element_type=\"widget\" data-e-type=\"widget\" data-widget_type=\"button.default\">\n\t\t\t\t<div class=\"elementor-widget-container\">\n\t\t\t\t\t\t\t\t\t<div class=\"elementor-button-wrapper\">\n\t\t\t\t\t<a class=\"elementor-button elementor-button-link elementor-size-sm\" href=\"\/en\/a-und-a\/\">\n\t\t\t\t\t\t<span class=\"elementor-button-content-wrapper\">\n\t\t\t\t\t\t\t\t\t<span class=\"elementor-button-text\">Proposal for employees<\/span>\n\t\t\t\t\t<\/span>\n\t\t\t\t\t<\/a>\n\t\t\t\t<\/div>\n\t\t\t\t\t\t\t\t<\/div>\n\t\t\t\t<\/div>\n\t\t\t\t<div class=\"elementor-element elementor-element-bd5376f elementor-widget elementor-widget-button\" data-id=\"bd5376f\" data-element_type=\"widget\" data-e-type=\"widget\" data-widget_type=\"button.default\">\n\t\t\t\t<div class=\"elementor-widget-container\">\n\t\t\t\t\t\t\t\t\t<div class=\"elementor-button-wrapper\">\n\t\t\t\t\t<a class=\"elementor-button elementor-button-link elementor-size-sm\" href=\"\/en\/b-und-b\/\">\n\t\t\t\t\t\t<span class=\"elementor-button-content-wrapper\">\n\t\t\t\t\t\t\t\t\t<span class=\"elementor-button-text\">Proposal for public servants<\/span>\n\t\t\t\t\t<\/span>\n\t\t\t\t\t<\/a>\n\t\t\t\t<\/div>\n\t\t\t\t\t\t\t\t<\/div>\n\t\t\t\t<\/div>\n\t\t\t\t<div class=\"elementor-element elementor-element-369e41f elementor-widget elementor-widget-button\" data-id=\"369e41f\" data-element_type=\"widget\" data-e-type=\"widget\" data-widget_type=\"button.default\">\n\t\t\t\t<div class=\"elementor-widget-container\">\n\t\t\t\t\t\t\t\t\t<div class=\"elementor-button-wrapper\">\n\t\t\t\t\t<a class=\"elementor-button elementor-button-link elementor-size-sm\" href=\"\/en\/faq\/\">\n\t\t\t\t\t\t<span class=\"elementor-button-content-wrapper\">\n\t\t\t\t\t\t\t\t\t<span class=\"elementor-button-text\">FAQ<\/span>\n\t\t\t\t\t<\/span>\n\t\t\t\t\t<\/a>\n\t\t\t\t<\/div>\n\t\t\t\t\t\t\t\t<\/div>\n\t\t\t\t<\/div>\n\t\t\t\t<div class=\"elementor-element elementor-element-fdd23ae elementor-widget elementor-widget-button\" data-id=\"fdd23ae\" data-element_type=\"widget\" data-e-type=\"widget\" data-widget_type=\"button.default\">\n\t\t\t\t<div class=\"elementor-widget-container\">\n\t\t\t\t\t\t\t\t\t<div class=\"elementor-button-wrapper\">\n\t\t\t\t\t<a class=\"elementor-button elementor-button-link elementor-size-sm\" href=\"\/en\/warum-waehlen\/\">\n\t\t\t\t\t\t<span class=\"elementor-button-content-wrapper\">\n\t\t\t\t\t\t\t\t\t<span class=\"elementor-button-text\">Why vote?<\/span>\n\t\t\t\t\t<\/span>\n\t\t\t\t\t<\/a>\n\t\t\t\t<\/div>\n\t\t\t\t\t\t\t\t<\/div>\n\t\t\t\t<\/div>\n\t\t\t\t<div class=\"elementor-element elementor-element-bdfa60f elementor-widget elementor-widget-button\" data-id=\"bdfa60f\" data-element_type=\"widget\" data-e-type=\"widget\" data-widget_type=\"button.default\">\n\t\t\t\t<div class=\"elementor-widget-container\">\n\t\t\t\t\t\t\t\t\t<div class=\"elementor-button-wrapper\">\n\t\t\t\t\t<a class=\"elementor-button elementor-button-link elementor-size-sm\" href=\"\/en\/wie-waehlen\/\">\n\t\t\t\t\t\t<span class=\"elementor-button-content-wrapper\">\n\t\t\t\t\t\t\t\t\t<span class=\"elementor-button-text\">How to vote?<\/span>\n\t\t\t\t\t<\/span>\n\t\t\t\t\t<\/a>\n\t\t\t\t<\/div>\n\t\t\t\t\t\t\t\t<\/div>\n\t\t\t\t<\/div>\n\t\t\t\t<\/div>\n\t\t\t\t<div class=\"elementor-element elementor-element-503115f elementor-widget elementor-widget-spacer\" data-id=\"503115f\" data-element_type=\"widget\" data-e-type=\"widget\" data-widget_type=\"spacer.default\">\n\t\t\t\t<div class=\"elementor-widget-container\">\n\t\t\t\t\t\t\t<div class=\"elementor-spacer\">\n\t\t\t<div class=\"elementor-spacer-inner\"><\/div>\n\t\t<\/div>\n\t\t\t\t\t\t<\/div>\n\t\t\t\t<\/div>\n\t\t\t\t\t<\/div>\n\t\t\t\t<\/div>\n\t\t<div class=\"elementor-element elementor-element-cbca20a e-flex e-con-boxed e-con e-parent\" data-id=\"cbca20a\" data-element_type=\"container\" data-e-type=\"container\">\n\t\t\t\t\t<div class=\"e-con-inner\">\n\t\t<div class=\"elementor-element elementor-element-086fce1 e-flex e-con-boxed e-con e-child\" data-id=\"086fce1\" data-element_type=\"container\" data-e-type=\"container\">\n\t\t\t\t\t<div class=\"e-con-inner\">\n\t\t<div class=\"elementor-element elementor-element-22b726b e-flex e-con-boxed e-con e-child\" data-id=\"22b726b\" data-element_type=\"container\" data-e-type=\"container\">\n\t\t\t\t\t<div class=\"e-con-inner\">\n\t\t<div class=\"elementor-element elementor-element-0b08e92 e-con-full e-flex e-con e-child\" data-id=\"0b08e92\" data-element_type=\"container\" data-e-type=\"container\">\n\t\t\t\t<\/div>\n\t\t<div class=\"elementor-element elementor-element-84eb3ff e-con-full e-flex e-con e-child\" data-id=\"84eb3ff\" data-element_type=\"container\" data-e-type=\"container\">\n\t\t<div class=\"elementor-element elementor-element-a179783 e-con-full e-flex e-con e-child\" data-id=\"a179783\" data-element_type=\"container\" data-e-type=\"container\">\n\t\t\t\t<div class=\"elementor-element elementor-element-2b99fb2 elementor-widget elementor-widget-heading\" data-id=\"2b99fb2\" data-element_type=\"widget\" data-e-type=\"widget\" data-widget_type=\"heading.default\">\n\t\t\t\t<div class=\"elementor-widget-container\">\n\t\t\t\t\t<h2 class=\"elementor-heading-title elementor-size-default\">Unsere Themen<\/h2>\t\t\t\t<\/div>\n\t\t\t\t<\/div>\n\t\t\t\t<\/div>\n\t\t\t\t<div class=\"elementor-element elementor-element-e068b99 elementor-widget elementor-widget-text-editor\" data-id=\"e068b99\" data-element_type=\"widget\" data-e-type=\"widget\" data-widget_type=\"text-editor.default\">\n\t\t\t\t<div class=\"elementor-widget-container\">\n\t\t\t\t\t\t\t\t\t<ul><li class=\"vvli2\">Working time regulations (trust-based working hours, flexitime, fixed working hours)<\/li><li class=\"vvli2\">Flexibilization of the place of work (teleworking, location-independent working)<\/li><li class=\"vvli2\">Supporting our colleagues in achieving their\ngoals, whenever this is desired  (Continuing education, personal goals, individual support and qualification)<\/li><li class=\"vvli2\">Actual implementation of the goal \"The university as an attractive employer\"<\/li><li class=\"vvli2\">Personnel structure planning (availability of positions for promotions, transitions)<\/li><li class=\"vvli2\">Retaining and recruiting colleagues for our university<\/li><li class=\"vvli2\">Appropriate use of the university's resources<\/li><\/ul><p>In all these issues, a balance must always be struck between the legal and other constraints, the flexibility required at a university and the need to protect the individual colleague.<\/p><p>The solution to most of these issues is a balancing act between the different interests and necessities. Appropriate solutions require imagination, expertise and - not least - the ability to compromise.<\/p><p>Experience, knowledge and understanding of all areas and all facets of work at our university are essential for handling these topics. This is essentially the \"mission\" of our election proposal \"Vielfalt unserer Universit\u00e4t\".<\/p><p><!-- \/wp:themeisle-blocks\/advanced-columns --><\/p>\t\t\t\t\t\t\t\t<\/div>\n\t\t\t\t<\/div>\n\t\t\t\t<\/div>\n\t\t<div class=\"elementor-element elementor-element-6507156 e-con-full e-flex e-con e-child\" data-id=\"6507156\" data-element_type=\"container\" data-e-type=\"container\">\n\t\t\t\t<\/div>\n\t\t\t\t\t<\/div>\n\t\t\t\t<\/div>\n\t\t\t\t\t<\/div>\n\t\t\t\t<\/div>\n\t\t\t\t\t<\/div>\n\t\t\t\t<\/div>\n\t\t<div class=\"elementor-element elementor-element-2234233 elementor-hidden-mobile e-flex e-con-boxed e-con e-parent\" data-id=\"2234233\" data-element_type=\"container\" data-e-type=\"container\">\n\t\t\t\t\t<div class=\"e-con-inner\">\n\t\t<div class=\"elementor-element elementor-element-eac46ad e-con-full claim_box e-flex e-con e-child\" data-id=\"eac46ad\" data-element_type=\"container\" data-e-type=\"container\">\n\t\t\t\t<div class=\"elementor-element elementor-element-24c1560 elementor-widget elementor-widget-text-editor\" data-id=\"24c1560\" data-element_type=\"widget\" data-e-type=\"widget\" data-widget_type=\"text-editor.default\">\n\t\t\t\t<div class=\"elementor-widget-container\">\n\t\t\t\t\t\t\t\t\t<p><strong><img decoding=\"async\" class=\"alignnone size-full wp-image-1466\" src=\"https:\/\/personalrat-vielfalt.de\/wp-content\/uploads\/haken-weiss.png\" alt=\"\" width=\"40\" height=\"40\" srcset=\"https:\/\/personalrat-vielfalt.de\/wp-content\/uploads\/haken-weiss.png 40w, https:\/\/personalrat-vielfalt.de\/wp-content\/uploads\/haken-weiss-12x12.png 12w\" sizes=\"(max-width: 40px) 100vw, 40px\" \/><\/strong><br \/><strong>Let's continue with our expertise!<\/strong><\/p>\t\t\t\t\t\t\t\t<\/div>\n\t\t\t\t<\/div>\n\t\t\t\t<\/div>\n\t\t<div class=\"elementor-element elementor-element-8019e4e e-con-full claim_box e-flex e-con e-child\" data-id=\"8019e4e\" data-element_type=\"container\" data-e-type=\"container\">\n\t\t\t\t<div class=\"elementor-element elementor-element-56c3bf8 elementor-widget elementor-widget-text-editor\" data-id=\"56c3bf8\" data-element_type=\"widget\" data-e-type=\"widget\" data-widget_type=\"text-editor.default\">\n\t\t\t\t<div class=\"elementor-widget-container\">\n\t\t\t\t\t\t\t\t\t<p><strong><img decoding=\"async\" class=\"alignnone size-full wp-image-1466\" src=\"https:\/\/personalrat-vielfalt.de\/wp-content\/uploads\/haken-weiss.png\" alt=\"\" width=\"40\" height=\"40\" srcset=\"https:\/\/personalrat-vielfalt.de\/wp-content\/uploads\/haken-weiss.png 40w, https:\/\/personalrat-vielfalt.de\/wp-content\/uploads\/haken-weiss-12x12.png 12w\" sizes=\"(max-width: 40px) 100vw, 40px\" \/><\/strong><br \/><strong>Let's continue with our experience!<\/strong><\/p>\t\t\t\t\t\t\t\t<\/div>\n\t\t\t\t<\/div>\n\t\t\t\t<\/div>\n\t\t<div class=\"elementor-element elementor-element-6276a17 e-con-full claim_box e-flex e-con e-child\" data-id=\"6276a17\" data-element_type=\"container\" data-e-type=\"container\">\n\t\t\t\t<div class=\"elementor-element elementor-element-d368bc8 elementor-widget elementor-widget-text-editor\" data-id=\"d368bc8\" data-element_type=\"widget\" data-e-type=\"widget\" data-widget_type=\"text-editor.default\">\n\t\t\t\t<div class=\"elementor-widget-container\">\n\t\t\t\t\t\t\t\t\t<p><strong><img decoding=\"async\" class=\"alignnone size-full wp-image-1466\" src=\"https:\/\/personalrat-vielfalt.de\/wp-content\/uploads\/haken-weiss.png\" alt=\"\" width=\"40\" height=\"40\" srcset=\"https:\/\/personalrat-vielfalt.de\/wp-content\/uploads\/haken-weiss.png 40w, https:\/\/personalrat-vielfalt.de\/wp-content\/uploads\/haken-weiss-12x12.png 12w\" sizes=\"(max-width: 40px) 100vw, 40px\" \/><\/strong><br \/><strong>Let's continue with active participation!<\/strong><\/p>\t\t\t\t\t\t\t\t<\/div>\n\t\t\t\t<\/div>\n\t\t\t\t<\/div>\n\t\t<div class=\"elementor-element elementor-element-2cec3c4 e-con-full claim_box e-flex e-con e-child\" data-id=\"2cec3c4\" data-element_type=\"container\" data-e-type=\"container\">\n\t\t\t\t<div class=\"elementor-element elementor-element-8cce284 elementor-widget elementor-widget-text-editor\" data-id=\"8cce284\" data-element_type=\"widget\" data-e-type=\"widget\" data-widget_type=\"text-editor.default\">\n\t\t\t\t<div class=\"elementor-widget-container\">\n\t\t\t\t\t\t\t\t\t<p><strong><img decoding=\"async\" class=\"alignnone size-full wp-image-1466\" src=\"https:\/\/personalrat-vielfalt.de\/wp-content\/uploads\/haken-weiss.png\" alt=\"\" width=\"40\" height=\"40\" srcset=\"https:\/\/personalrat-vielfalt.de\/wp-content\/uploads\/haken-weiss.png 40w, https:\/\/personalrat-vielfalt.de\/wp-content\/uploads\/haken-weiss-12x12.png 12w\" sizes=\"(max-width: 40px) 100vw, 40px\" \/><\/strong><br \/><strong>Let's continue with the Vielfalt list!<\/strong><\/p>\t\t\t\t\t\t\t\t<\/div>\n\t\t\t\t<\/div>\n\t\t\t\t<\/div>\n\t\t\t\t\t<\/div>\n\t\t\t\t<\/div>\n\t\t<div class=\"elementor-element elementor-element-cf66648 elementor-hidden-desktop elementor-hidden-tablet e-flex e-con-boxed e-con e-parent\" data-id=\"cf66648\" data-element_type=\"container\" data-e-type=\"container\">\n\t\t\t\t\t<div class=\"e-con-inner\">\n\t\t<div class=\"elementor-element elementor-element-9ecc6cc e-con-full claim_box e-flex e-con e-child\" data-id=\"9ecc6cc\" data-element_type=\"container\" data-e-type=\"container\">\n\t\t\t\t<div class=\"elementor-element elementor-element-11c42a4 elementor-widget elementor-widget-text-editor\" data-id=\"11c42a4\" data-element_type=\"widget\" data-e-type=\"widget\" data-widget_type=\"text-editor.default\">\n\t\t\t\t<div class=\"elementor-widget-container\">\n\t\t\t\t\t\t\t\t\t<p><strong><img decoding=\"async\" class=\"alignnone size-full wp-image-1466\" src=\"https:\/\/personalrat-vielfalt.de\/wp-content\/uploads\/haken-weiss.png\" alt=\"\" width=\"40\" height=\"40\" srcset=\"https:\/\/personalrat-vielfalt.de\/wp-content\/uploads\/haken-weiss.png 40w, https:\/\/personalrat-vielfalt.de\/wp-content\/uploads\/haken-weiss-12x12.png 12w\" sizes=\"(max-width: 40px) 100vw, 40px\" \/><\/strong><br \/>Let's continue with our expertise!<br \/>Let's continue with our experience!<br \/>Let's continue with active participation!<br \/><strong>Let's continue with the Vielfalt list!<br \/><\/strong><\/p>\t\t\t\t\t\t\t\t<\/div>\n\t\t\t\t<\/div>\n\t\t\t\t<\/div>\n\t\t\t\t\t<\/div>\n\t\t\t\t<\/div>\n\t\t\t\t<\/div>","protected":false},"excerpt":{"rendered":"<p>Grunds\u00e4tze Erfolge Herausforderungen und L\u00f6sungen Liste ArbeitnehmerInnen Liste BeamtInnen FAQ Warum w\u00e4hlen? Wie w\u00e4hlen? Unsere Themen Arbeitszeitregelungen (Vertrauensarbeitszeit, Gleitzeit, Feste Arbeitszeit) Flexibilisierung des Arbeitsortes (Telearbeit, Ortsunabh\u00e4ngiges Arbeiten) F\u00f6rderung unserer Kolleginnen und Kollegen wo immer dies gewollt ist (Weiterbildung, Ber\u00fccksichtigung pers\u00f6nlicher Ziele, individuelle F\u00f6rderung und Qualifizierung) Tats\u00e4chliche Umsetzung des Zieles &#8222;Die Universit\u00e4t als attraktiver Arbeitgeber&#8220; Personalstrukturplanung&hellip;&nbsp;<a href=\"https:\/\/personalrat-vielfalt.de\/en\/t\" rel=\"bookmark\">Read More &raquo;<span class=\"screen-reader-text\">Themen<\/span><\/a><\/p>","protected":false},"author":1,"featured_media":0,"parent":0,"menu_order":0,"comment_status":"closed","ping_status":"closed","template":"page-templates\/template-pagebuilder-full-width.php","meta":{"neve_meta_sidebar":"","neve_meta_container":"","neve_meta_enable_content_width":"","neve_meta_content_width":0,"neve_meta_title_alignment":"","neve_meta_author_avatar":"","neve_post_elements_order":"","neve_meta_disable_header":"","neve_meta_disable_footer":"","neve_meta_disable_title":"","footnotes":""},"class_list":["post-2983","page","type-page","status-publish","hentry"],"_links":{"self":[{"href":"https:\/\/personalrat-vielfalt.de\/en\/wp-json\/wp\/v2\/pages\/2983","targetHints":{"allow":["GET"]}}],"collection":[{"href":"https:\/\/personalrat-vielfalt.de\/en\/wp-json\/wp\/v2\/pages"}],"about":[{"href":"https:\/\/personalrat-vielfalt.de\/en\/wp-json\/wp\/v2\/types\/page"}],"author":[{"embeddable":true,"href":"https:\/\/personalrat-vielfalt.de\/en\/wp-json\/wp\/v2\/users\/1"}],"replies":[{"embeddable":true,"href":"https:\/\/personalrat-vielfalt.de\/en\/wp-json\/wp\/v2\/comments?post=2983"}],"version-history":[{"count":5,"href":"https:\/\/personalrat-vielfalt.de\/en\/wp-json\/wp\/v2\/pages\/2983\/revisions"}],"predecessor-version":[{"id":2988,"href":"https:\/\/personalrat-vielfalt.de\/en\/wp-json\/wp\/v2\/pages\/2983\/revisions\/2988"}],"wp:attachment":[{"href":"https:\/\/personalrat-vielfalt.de\/en\/wp-json\/wp\/v2\/media?parent=2983"}],"curies":[{"name":"wp","href":"https:\/\/api.w.org\/{rel}","templated":true}]}}